{"id":75,"date":"2016-04-27T15:13:09","date_gmt":"2016-04-27T13:13:09","guid":{"rendered":"http:\/\/www.elcornetin.es\/blog\/?page_id=75"},"modified":"2022-11-07T00:34:41","modified_gmt":"2022-11-06T23:34:41","slug":"redaccion","status":"publish","type":"page","link":"https:\/\/www.elcornetin.es\/blog\/redaccion\/","title":{"rendered":"La Redacci\u00f3n"},"content":{"rendered":"<p>Adem\u00e1s de publicar art\u00edculos, cada uno de nosotros tiene un rol dentro de la Redacci\u00f3n de <strong>El Cornet\u00edn<\/strong>.<\/p>\n<table style=\"width: 100%; height: 1120px;\" border=\"1\" cellpadding=\"5\">\n<tbody>\n<tr style=\"height: 28px;\">\n<td style=\"width: 11.1675%; height: 112px; --darkreader-inline-bgcolor: #fffaea;\" rowspan=\"2\" bgcolor=\"FFFFFF\" data-darkreader-inline-bgcolor=\"\"><img decoding=\"async\" class=\"aligncenter lazyload\" data-src=\"http:\/\/www.elcornetin.es\/blog\/wp-content\/uploads\/2016\/05\/kdelamo.png\" width=\"80\" height=\"80\" border=\"0\" src=\"data:image\/gif;base64,R0lGODlhAQABAAAAACH5BAEKAAEALAAAAAABAAEAAAICTAEAOw==\" style=\"--smush-placeholder-width: 80px; --smush-placeholder-aspect-ratio: 80\/80;\" \/><\/td>\n<td style=\"width: 88.76%; height: 28px; --darkreader-inline-bgcolor: #000000;\" bgcolor=\"000000\" data-darkreader-inline-bgcolor=\"\"><span style=\"color: #ffffff;\" data-darkreader-inline-color=\"\">\u00a0\u00a0Director y Redactor Jefe: <a style=\"color: #ffffff;\" href=\"https:\/\/twitter.com\/Kdelamo\" target=\"_blank\" rel=\"noopener noreferrer\" data-darkreader-inline-color=\"\"><strong>Kdelamo<\/strong><\/a><\/span><\/td>\n<\/tr>\n<tr style=\"height: 84px;\">\n<td style=\"width: 88.76%; height: 84px; --darkreader-inline-bgcolor: #fffaea;\" bgcolor=\"FFFFFF\" data-darkreader-inline-bgcolor=\"\"><span style=\"color: #000000;\" data-darkreader-inline-color=\"\">Visionario creador de El Cornet\u00edn.<\/span><br \/>\n<span style=\"color: #000000;\" data-darkreader-inline-color=\"\">Coordina a los dem\u00e1s miembros del equipo con mano firme y l\u00e1tigo de cuero de alta calidad, pero luego les da pastelitos.<\/span><\/td>\n<\/tr>\n<tr style=\"height: 28px;\">\n<td style=\"width: 11.1675%; height: 84px; --darkreader-inline-bgcolor: #fffaea;\" rowspan=\"2\" bgcolor=\"FFFFFF\" data-darkreader-inline-bgcolor=\"\"><a href=\"http:\/\/www.bebeamordor.com\/\" target=\"_blank\" rel=\"noopener noreferrer\"><img decoding=\"async\" class=\"size-full wp-image-235 aligncenter lazyload\" data-src=\"http:\/\/www.elcornetin.es\/blog\/wp-content\/uploads\/2016\/05\/juls.png\" alt=\"Juls\" width=\"80\" height=\"80\" src=\"data:image\/gif;base64,R0lGODlhAQABAAAAACH5BAEKAAEALAAAAAABAAEAAAICTAEAOw==\" style=\"--smush-placeholder-width: 80px; --smush-placeholder-aspect-ratio: 80\/80;\" \/><\/a><\/td>\n<td style=\"width: 88.76%; height: 28px; --darkreader-inline-bgcolor: #000000;\" bgcolor=\"000000\" data-darkreader-inline-bgcolor=\"\"><span style=\"color: #ffffff;\" data-darkreader-inline-color=\"\">Correcci\u00f3n y Cupo Femenino: <strong><a href=\"https:\/\/twitter.com\/julia_iriarte\" target=\"_blank\" rel=\"noopener noreferrer\"><span style=\"color: #ffffff;\" data-darkreader-inline-color=\"\">Juls<\/span> <\/a><\/strong><\/span><\/td>\n<\/tr>\n<tr style=\"height: 56px;\">\n<td style=\"width: 88.76%; height: 56px; --darkreader-inline-bgcolor: #fffaea;\" bgcolor=\"FFFFFF\" data-darkreader-inline-bgcolor=\"\"><span style=\"color: #000000;\" data-darkreader-inline-color=\"\">Nuestra correctora jefe. Es feliz con un bol\u00edgrafo rojo.<\/span><br \/>\n<span style=\"color: #000000;\" data-darkreader-inline-color=\"\">Compagina este trabajo con su archifamoso blog, &#8216;<span style=\"--darkreader-inline-color: #000000;\"><strong><a style=\"color: #000000; --darkreader-inline-color: #000000;\" href=\"http:\/\/www.bebeamordor.com\/\" target=\"_blank\" rel=\"noopener noreferrer\" data-darkreader-inline-color=\"\">Beb\u00e9 a Mordor<\/a><\/strong><\/span>&#8216;, del que copypastea la mayor\u00eda de sus art\u00edculos. No se le ha subido la fama a la cabeza (apenas).<br \/>\n<\/span><\/td>\n<\/tr>\n<tr style=\"height: 28px;\">\n<td style=\"width: 11.1675%; height: 84px; --darkreader-inline-bgcolor: #fffaea;\" rowspan=\"2\" bgcolor=\"FFFFFF\" data-darkreader-inline-bgcolor=\"\"><a href=\"https:\/\/www.aaronilustrador.es\" target=\"_blank\" rel=\"noopener noreferrer\"><img decoding=\"async\" class=\"aligncenter wp-image-9833 lazyload\" data-src=\"https:\/\/www.elcornetin.es\/blog\/wp-content\/uploads\/2019\/05\/geek-pride-day-2016_3-150x150.png\" alt=\"Avatar de Aar\u00f3n Moreno\" width=\"112\" height=\"112\" data-srcset=\"https:\/\/www.elcornetin.es\/blog\/wp-content\/uploads\/2019\/05\/geek-pride-day-2016_3-150x150.png 150w, https:\/\/www.elcornetin.es\/blog\/wp-content\/uploads\/2019\/05\/geek-pride-day-2016_3-300x300.png 300w, https:\/\/www.elcornetin.es\/blog\/wp-content\/uploads\/2019\/05\/geek-pride-day-2016_3-50x50.png 50w, https:\/\/www.elcornetin.es\/blog\/wp-content\/uploads\/2019\/05\/geek-pride-day-2016_3.png 500w\" data-sizes=\"(max-width: 112px) 100vw, 112px\" src=\"data:image\/gif;base64,R0lGODlhAQABAAAAACH5BAEKAAEALAAAAAABAAEAAAICTAEAOw==\" style=\"--smush-placeholder-width: 112px; --smush-placeholder-aspect-ratio: 112\/112;\" \/><\/a><\/td>\n<td style=\"width: 88.76%; height: 28px; --darkreader-inline-bgcolor: #000000;\" bgcolor=\"000000\" data-darkreader-inline-bgcolor=\"\"><span style=\"color: #ffffff;\" data-darkreader-inline-color=\"\">\u00a0\u00a0Dise\u00f1o Gr\u00e1fico y Maquetaci\u00f3n: <strong><a style=\"color: #ffffff;\" href=\"https:\/\/twitter.com\/aaronilustrador\" target=\"_blank\" rel=\"noopener noreferrer\" data-darkreader-inline-color=\"\">Aar\u00f3n Moreno<\/a><\/strong><\/span><\/td>\n<\/tr>\n<tr style=\"height: 56px;\">\n<td style=\"width: 88.76%; height: 56px; --darkreader-inline-bgcolor: #fffaea;\" bgcolor=\"FFFFFF\" data-darkreader-inline-bgcolor=\"\"><span style=\"color: #000000; --darkreader-inline-color: #000000;\" data-darkreader-inline-color=\"\">Acusado de un delito que no cometi\u00f3 (usar <em>Comic Sans<\/em> en su webc\u00f3mic <a style=\"color: #000000; --darkreader-inline-color: #000000;\" href=\"http:\/\/www.dioxmen.es\" target=\"_blank\" rel=\"noopener noreferrer\" data-darkreader-inline-color=\"\"><strong><span style=\"--darkreader-inline-color: #000000;\">Diox-Men<\/span><\/strong><\/a>), este antiguo documentalista sobrevive como ilustrador de fortuna. Si necesita alguna ilustraci\u00f3n y se lo encuentra, quiz\u00e1s pueda contratarlo&#8230; <em>[Fanfarria del Equipo A] [Fundido en negro]<\/em><\/span><\/td>\n<\/tr>\n<tr style=\"height: 28px;\">\n<td style=\"width: 11.1675%; height: 84px; --darkreader-inline-bgcolor: #fffaea;\" rowspan=\"2\" bgcolor=\"FFFFFF\" data-darkreader-inline-bgcolor=\"\"><img decoding=\"async\" class=\"size-full wp-image-237 lazyload\" data-src=\"http:\/\/www.elcornetin.es\/blog\/wp-content\/uploads\/2016\/05\/limax.jpeg\" alt=\"LiMaX\" width=\"80\" height=\"80\" src=\"data:image\/gif;base64,R0lGODlhAQABAAAAACH5BAEKAAEALAAAAAABAAEAAAICTAEAOw==\" style=\"--smush-placeholder-width: 80px; --smush-placeholder-aspect-ratio: 80\/80;\" \/><\/td>\n<td style=\"width: 88.76%; height: 28px; --darkreader-inline-bgcolor: #000000;\" bgcolor=\"000000\" data-darkreader-inline-bgcolor=\"\"><span style=\"color: #ffffff;\" data-darkreader-inline-color=\"\">\u00a0 Sistemas y lavavajillas: <strong><a style=\"color: #ffffff;\" href=\"https:\/\/twitter.com\/El_LiMaX\" target=\"_blank\" rel=\"noopener noreferrer\" data-darkreader-inline-color=\"\">LiMaX<\/a><\/strong><\/span><\/td>\n<\/tr>\n<tr style=\"height: 56px;\">\n<td style=\"width: 88.76%; height: 56px; --darkreader-inline-bgcolor: #fffaea;\" bgcolor=\"FFFFFF\" data-darkreader-inline-bgcolor=\"\"><span style=\"color: #000000;\" data-darkreader-inline-color=\"\">Ciborg encargado de que no se estropeen mucho los servidores (no quer\u00e1is saber c\u00f3mo se conecta), que sufren de carencia de recursos por lo que consume el corrector ortogr\u00e1fico de K.<\/span><\/td>\n<\/tr>\n<tr style=\"height: 28px;\">\n<td style=\"width: 11.1675%; height: 84px; --darkreader-inline-bgcolor: #fffaea;\" rowspan=\"2\" bgcolor=\"FFFFFF\" data-darkreader-inline-bgcolor=\"\"><\/td>\n<td style=\"width: 88.76%; height: 28px; --darkreader-inline-bgcolor: #000000;\" bgcolor=\"000000\" data-darkreader-inline-bgcolor=\"\"><span style=\"color: #ffffff;\" data-darkreader-inline-color=\"\">\u00a0\u00a0Moda y estilismo: <strong>Benihime Chan<\/strong><\/span><\/td>\n<\/tr>\n<tr style=\"height: 56px;\">\n<td style=\"width: 88.76%; height: 56px; --darkreader-inline-bgcolor: #fffaea;\" bgcolor=\"FFFFFF\" data-darkreader-inline-bgcolor=\"\"><span style=\"color: #000000;\" data-darkreader-inline-color=\"\">Cuando no sale a comprar el pan en pijama, es la reina del cosplay. As\u00ed de guapos salen nuestros redactores en las fotos, porque les aconseja bien.<\/span><\/td>\n<\/tr>\n<tr style=\"height: 28px;\">\n<td style=\"width: 11.1675%; height: 84px; --darkreader-inline-bgcolor: #fffaea;\" rowspan=\"2\" bgcolor=\"FFFFFF\" data-darkreader-inline-bgcolor=\"\"><img decoding=\"async\" class=\"size-full wp-image-237 lazyload\" data-src=\"http:\/\/www.dioxmen.byethost22.com\/images\/banner_comiccriticon.jpg\" alt=\"Azatodeth\" width=\"80\" height=\"80\" src=\"data:image\/gif;base64,R0lGODlhAQABAAAAACH5BAEKAAEALAAAAAABAAEAAAICTAEAOw==\" style=\"--smush-placeholder-width: 80px; --smush-placeholder-aspect-ratio: 80\/80;\" \/><\/td>\n<td style=\"width: 88.76%; height: 28px; --darkreader-inline-bgcolor: #000000;\" bgcolor=\"000000\" data-darkreader-inline-bgcolor=\"\"><span style=\"color: #ffffff;\" data-darkreader-inline-color=\"\">\u00a0\u00a0Sonido y soplado de cuerno: <strong><a style=\"color: #ffffff;\" href=\"https:\/\/comiccriticon.wordpress.com\" target=\"_blank\" rel=\"noopener noreferrer\" data-darkreader-inline-color=\"\">Azatodeth<\/a><\/strong><\/span><\/td>\n<\/tr>\n<tr style=\"height: 56px;\">\n<td style=\"width: 88.76%; height: 56px; --darkreader-inline-bgcolor: #fffaea;\" bgcolor=\"FFFFFF\" data-darkreader-inline-bgcolor=\"\"><span style=\"color: #000000;\" data-darkreader-inline-color=\"\">La de filtros que tiene que usar el pobre para que las voces del personal no quemen los o\u00eddos de la audiencia. Lleva mucho mejor lo de tocar el cornet\u00edn en los actos oficiales de la empresa, d\u00f3nde va a parar&#8230;<\/span><\/td>\n<\/tr>\n<tr style=\"height: 33px;\">\n<td style=\"width: 11.1675%; height: 98px; --darkreader-inline-bgcolor: #fffaea;\" rowspan=\"2\" bgcolor=\"FFFFFF\" data-darkreader-inline-bgcolor=\"\"><img decoding=\"async\" class=\"alignleft wp-image-9704 size-thumbnail lazyload\" data-src=\"https:\/\/www.elcornetin.es\/blog\/wp-content\/uploads\/2019\/05\/Caveman-150x150.jpg\" alt=\"\" width=\"150\" height=\"150\" data-srcset=\"https:\/\/www.elcornetin.es\/blog\/wp-content\/uploads\/2019\/05\/Caveman-150x150.jpg 150w, https:\/\/www.elcornetin.es\/blog\/wp-content\/uploads\/2019\/05\/Caveman-50x50.jpg 50w\" data-sizes=\"(max-width: 150px) 100vw, 150px\" src=\"data:image\/gif;base64,R0lGODlhAQABAAAAACH5BAEKAAEALAAAAAABAAEAAAICTAEAOw==\" style=\"--smush-placeholder-width: 150px; --smush-placeholder-aspect-ratio: 150\/150;\" \/><\/td>\n<td style=\"width: 88.76%; height: 33px; --darkreader-inline-bgcolor: #000000;\" bgcolor=\"000000\" data-darkreader-inline-bgcolor=\"\"><span style=\"color: #ffffff;\" data-darkreader-inline-color=\"\">\u00a0\u00a0Cronorreportero: <a href=\"http:\/\/www.papacavernicola.com\/\" target=\"_blank\" rel=\"noopener noreferrer\"><strong><span style=\"color: #ffffff; --darkreader-inline-color: #fffaea;\" data-darkreader-inline-color=\"\">CHeMiCaL, Pap\u00e1 Cavern\u00edcola<\/span><\/strong><\/a><\/span><\/td>\n<\/tr>\n<tr style=\"height: 65px;\">\n<td style=\"width: 88.76%; height: 65px; --darkreader-inline-bgcolor: #fffaea;\" bgcolor=\"FFFFFF\" data-darkreader-inline-bgcolor=\"\"><span style=\"color: #000000;\" data-darkreader-inline-color=\"\">Llegado desde la prehistoria acompa\u00f1ado por su garrote, atrapado en esta l\u00ednea temporal. De vez en cuando sale de la caverna ataviado con su taparrabos a hacer cosas frikis, de paso nos cuenta esas cosas.<\/span><\/td>\n<\/tr>\n<tr style=\"height: 28px;\">\n<td style=\"width: 11.1675%; height: 84px; --darkreader-inline-bgcolor: #fffaea;\" rowspan=\"2\" bgcolor=\"FFFFFF\" data-darkreader-inline-bgcolor=\"\"><img decoding=\"async\" class=\"size-full wp-image-237 lazyload\" data-src=\"https:\/\/i1.wp.com\/www.elcornetin.es\/blog\/wp-content\/uploads\/gravatar\/24231849_1131217093679904_860685741345718767_n.jpg?w=80&amp;ssl=1\" alt=\"Cristinuky\" width=\"80\" height=\"80\" src=\"data:image\/gif;base64,R0lGODlhAQABAAAAACH5BAEKAAEALAAAAAABAAEAAAICTAEAOw==\" style=\"--smush-placeholder-width: 80px; --smush-placeholder-aspect-ratio: 80\/80;\" \/><\/td>\n<td style=\"width: 88.76%; height: 28px; --darkreader-inline-bgcolor: #000000;\" bgcolor=\"000000\" data-darkreader-inline-bgcolor=\"\"><span style=\"color: #ffffff;\" data-darkreader-inline-color=\"\">\u00a0\u00a0Contabilidad: <strong>Cristinuky<\/strong><\/span><\/td>\n<\/tr>\n<tr style=\"height: 56px;\">\n<td style=\"width: 88.76%; height: 56px; --darkreader-inline-bgcolor: #fffaea;\" bgcolor=\"FFFFFF\" data-darkreader-inline-bgcolor=\"\"><span style=\"color: #000000;\" data-darkreader-inline-color=\"\">Su verdadera misi\u00f3n es controlar las cuentas, pero como no tiene mucho trabajo pues de vez en cuando escribe alguna entrada&#8230;<\/span><\/td>\n<\/tr>\n<tr style=\"height: 28px;\">\n<td style=\"width: 11.1675%; height: 112px; --darkreader-inline-bgcolor: #fffaea;\" rowspan=\"2\" bgcolor=\"FFFFFF\" data-darkreader-inline-bgcolor=\"\"><img decoding=\"async\" class=\"size-full wp-image-237 lazyload\" data-src=\"https:\/\/i0.wp.com\/www.elcornetin.es\/blog\/wp-content\/uploads\/gravatar\/super_raton.jpg\" alt=\"Pacheco\" width=\"80\" height=\"80\" src=\"data:image\/gif;base64,R0lGODlhAQABAAAAACH5BAEKAAEALAAAAAABAAEAAAICTAEAOw==\" style=\"--smush-placeholder-width: 80px; --smush-placeholder-aspect-ratio: 80\/80;\" \/><\/td>\n<td style=\"width: 88.76%; height: 28px; --darkreader-inline-bgcolor: #000000;\" bgcolor=\"000000\" data-darkreader-inline-bgcolor=\"\"><span style=\"color: #ffffff;\" data-darkreader-inline-color=\"\">\u00a0 (Ca\u00f3tico) Legal: <strong>Pacheco<\/strong><\/span><\/td>\n<\/tr>\n<tr style=\"height: 84px;\">\n<td style=\"width: 88.76%; height: 84px; --darkreader-inline-bgcolor: #fffaea;\" bgcolor=\"FFFFFF\" data-darkreader-inline-bgcolor=\"\"><span style=\"color: #000000;\" data-darkreader-inline-color=\"\">Antes era el \u00abInternal Document Manager\u00bb (el becario, el chico de los paquetes y el caf\u00e9), pero ahora K siempre exige \u00abhacer su llamada\u00bb cada vez que cae en la casilla de la c\u00e1rcel cuando juega al Monopoly para que le libere. En los ratos que le deja K, escribe para El Cornet\u00edn.<\/span><\/td>\n<\/tr>\n<tr style=\"height: 33px;\">\n<td style=\"width: 11.1675%; height: 98px; --darkreader-inline-bgcolor: #fffaea;\" rowspan=\"2\" bgcolor=\"FFFFFF\" data-darkreader-inline-bgcolor=\"\"><img decoding=\"async\" class=\"alignleft wp-image-9702 size-thumbnail lazyload\" data-src=\"https:\/\/www.elcornetin.es\/blog\/wp-content\/uploads\/2019\/05\/El-ilusionista-Delantera_La-tinta-mafia-15510-150x150.jpg\" alt=\"\" width=\"150\" height=\"150\" data-srcset=\"https:\/\/www.elcornetin.es\/blog\/wp-content\/uploads\/2019\/05\/El-ilusionista-Delantera_La-tinta-mafia-15510-150x150.jpg 150w, https:\/\/www.elcornetin.es\/blog\/wp-content\/uploads\/2019\/05\/El-ilusionista-Delantera_La-tinta-mafia-15510-50x50.jpg 50w, https:\/\/www.elcornetin.es\/blog\/wp-content\/uploads\/2019\/05\/El-ilusionista-Delantera_La-tinta-mafia-15510.jpg 259w\" data-sizes=\"(max-width: 150px) 100vw, 150px\" src=\"data:image\/gif;base64,R0lGODlhAQABAAAAACH5BAEKAAEALAAAAAABAAEAAAICTAEAOw==\" style=\"--smush-placeholder-width: 150px; --smush-placeholder-aspect-ratio: 150\/150;\" \/><\/td>\n<td style=\"width: 88.76%; height: 33px; --darkreader-inline-bgcolor: #000000;\" bgcolor=\"000000\" data-darkreader-inline-bgcolor=\"\"><span style=\"color: #ffffff;\" data-darkreader-inline-color=\"\">\u00a0 Video Manager: <strong>Gordo P\u00e9rez<\/strong><\/span><\/td>\n<\/tr>\n<tr style=\"height: 65px;\">\n<td style=\"width: 88.76%; height: 65px; --darkreader-inline-bgcolor: #fffaea;\" bgcolor=\"FFFFFF\" data-darkreader-inline-bgcolor=\"\"><span style=\"color: #000000;\" data-darkreader-inline-color=\"\">De joven trabaj\u00f3 en un videoclub, ahora es el encargado de la hemeroteca de la editorial, y exige que los v\u00eddeos que custodia salgan perfectos en la edici\u00f3n impresa y que rebobinemos bien los v\u00eddeos de Youtube.<\/span><\/td>\n<\/tr>\n<tr style=\"height: 33px;\">\n<td style=\"width: 11.1675%; height: 98px; --darkreader-inline-bgcolor: #fffaea;\" rowspan=\"2\" bgcolor=\"FFFFFF\" data-darkreader-inline-bgcolor=\"\"><img decoding=\"async\" class=\"alignleft wp-image-9702 size-thumbnail lazyload\" data-src=\"http:\/\/www.elcornetin.es\/blog\/wp-content\/uploads\/gravatar\/captura.jpg\" alt=\"Ofcastle\" width=\"150\" height=\"150\" src=\"data:image\/gif;base64,R0lGODlhAQABAAAAACH5BAEKAAEALAAAAAABAAEAAAICTAEAOw==\" style=\"--smush-placeholder-width: 150px; --smush-placeholder-aspect-ratio: 150\/150;\" \/><\/td>\n<td style=\"width: 88.76%; height: 33px; --darkreader-inline-bgcolor: #000000;\" bgcolor=\"000000\" data-darkreader-inline-bgcolor=\"\"><span style=\"color: #ffffff;\" data-darkreader-inline-color=\"\">\u00a0 Jefe de rotativas: <strong>Ofcastle<\/strong><\/span><\/td>\n<\/tr>\n<tr style=\"height: 65px;\">\n<td style=\"width: 88.76%; height: 65px; --darkreader-inline-bgcolor: #fffaea;\" bgcolor=\"FFFFFF\" data-darkreader-inline-bgcolor=\"\"><span style=\"color: #000000;\" data-darkreader-inline-color=\"\">A veces echa de menos la imprenta de Gutenberg con la que aprendi\u00f3, no por ser mayor sino porque era \u00abvintage\u00bb, pero la impresi\u00f3n offset tambi\u00e9n le apasiona, es un rolero.<\/span><\/td>\n<\/tr>\n<tr style=\"height: 33px;\">\n<td style=\"width: 11.1675%; height: 98px; --darkreader-inline-bgcolor: #fffaea;\" rowspan=\"2\" bgcolor=\"FFFFFF\" data-darkreader-inline-bgcolor=\"\"><img decoding=\"async\" class=\"alignleft wp-image-9702 size-thumbnail lazyload\" data-src=\"https:\/\/www.elcornetin.es\/blog\/wp-content\/uploads\/2019\/05\/tako.jpg\" alt=\"Tako\" width=\"150\" height=\"150\" src=\"data:image\/gif;base64,R0lGODlhAQABAAAAACH5BAEKAAEALAAAAAABAAEAAAICTAEAOw==\" style=\"--smush-placeholder-width: 150px; --smush-placeholder-aspect-ratio: 150\/150;\" \/><\/td>\n<td style=\"width: 88.76%; height: 33px; --darkreader-inline-bgcolor: #000000;\" bgcolor=\"000000\" data-darkreader-inline-bgcolor=\"\"><span style=\"color: #ffffff;\" data-darkreader-inline-color=\"\">\u00a0 Internal Delivery: <strong>Tako<\/strong><\/span><\/td>\n<\/tr>\n<tr style=\"height: 65px;\">\n<td style=\"width: 88.76%; height: 65px; --darkreader-inline-bgcolor: #fffaea;\" bgcolor=\"FFFFFF\" data-darkreader-inline-bgcolor=\"\"><span style=\"color: #000000;\" data-darkreader-inline-color=\"\">Es un becario un poco peculiar porque, adem\u00e1s de caf\u00e9, reparte comida mexicana&#8230; tocando una campana a su paso&#8230; nadie sabe por qu\u00e9.<\/span><\/td>\n<\/tr>\n<tr style=\"height: 33px;\">\n<td style=\"width: 11.1675%; height: 98px; --darkreader-inline-bgcolor: #fffaea;\" rowspan=\"2\" bgcolor=\"FFFFFF\" data-darkreader-inline-bgcolor=\"\"><img decoding=\"async\" class=\"alignleft wp-image-9702 size-thumbnail lazyload\" data-src=\"https:\/\/www.elcornetin.es\/blog\/wp-content\/uploads\/2022\/11\/ainu.png\" alt=\"Tako\" width=\"150\" height=\"150\" src=\"data:image\/gif;base64,R0lGODlhAQABAAAAACH5BAEKAAEALAAAAAABAAEAAAICTAEAOw==\" style=\"--smush-placeholder-width: 150px; --smush-placeholder-aspect-ratio: 150\/150;\" \/><\/td>\n<td style=\"width: 88.76%; height: 33px; --darkreader-inline-bgcolor: #000000;\" bgcolor=\"000000\" data-darkreader-inline-bgcolor=\"\"><span style=\"color: #ffffff;\" data-darkreader-inline-color=\"\">\u00a0 Decision-Making Advisor: <strong>Aninu no Oni<\/strong><\/span><\/td>\n<\/tr>\n<tr style=\"height: 65px;\">\n<td style=\"width: 88.76%; height: 65px; --darkreader-inline-bgcolor: #fffaea;\" bgcolor=\"FFFFFF\" data-darkreader-inline-bgcolor=\"\"><span style=\"color: #000000;\" data-darkreader-inline-color=\"\">Es gallega, pero tiene las ideas claras. Bueno, muy claras. La mayor\u00eda de las veces. Bastante claras. M\u00e1s o menos&#8230;<\/span><\/td>\n<\/tr>\n<\/tbody>\n<\/table>\n<p>&nbsp;<\/p>\n","protected":false},"excerpt":{"rendered":"<p>Adem\u00e1s de publicar art\u00edculos, cada uno de nosotros tiene un rol dentro de la Redacci\u00f3n de El Cornet\u00edn. \u00a0\u00a0Director y Redactor Jefe: Kdelamo&#8230;<\/p>\n","protected":false},"author":1,"featured_media":0,"parent":0,"menu_order":2,"comment_status":"closed","ping_status":"closed","template":"","meta":{"rating_form_position":"","rating_results_position":"","mr_structured_data_type":"","footnotes":""},"class_list":["post-75","page","type-page","status-publish","hentry"],"aioseo_notices":[],"multi-rating":{"mr_rating_results":[]},"_links":{"self":[{"href":"https:\/\/www.elcornetin.es\/blog\/wp-json\/wp\/v2\/pages\/75","targetHints":{"allow":["GET"]}}],"collection":[{"href":"https:\/\/www.elcornetin.es\/blog\/wp-json\/wp\/v2\/pages"}],"about":[{"href":"https:\/\/www.elcornetin.es\/blog\/wp-json\/wp\/v2\/types\/page"}],"author":[{"embeddable":true,"href":"https:\/\/www.elcornetin.es\/blog\/wp-json\/wp\/v2\/users\/1"}],"replies":[{"embeddable":true,"href":"https:\/\/www.elcornetin.es\/blog\/wp-json\/wp\/v2\/comments?post=75"}],"version-history":[{"count":28,"href":"https:\/\/www.elcornetin.es\/blog\/wp-json\/wp\/v2\/pages\/75\/revisions"}],"predecessor-version":[{"id":145,"href":"https:\/\/www.elcornetin.es\/blog\/wp-json\/wp\/v2\/pages\/75\/revisions\/145"}],"wp:attachment":[{"href":"https:\/\/www.elcornetin.es\/blog\/wp-json\/wp\/v2\/media?parent=75"}],"curies":[{"name":"wp","href":"https:\/\/api.w.org\/{rel}","templated":true}]}}