{"id":86,"date":"2016-04-25T16:35:49","date_gmt":"2016-04-25T14:35:49","guid":{"rendered":"http:\/\/www.elcornetin.es\/blog\/?page_id=86"},"modified":"2021-06-22T03:16:34","modified_gmt":"2021-06-22T01:16:34","slug":"contacto","status":"publish","type":"page","link":"https:\/\/www.elcornetin.es\/blog\/contacto\/","title":{"rendered":"Contacto"},"content":{"rendered":"<p>Puedes contactar con nosotros de muchas maneras mientras te tomas un refresco de naranja:<\/p>\n<ul>\n<li><a href=\"https:\/\/twitter.com\/@el_cornetin\/\" target=\"_blank\" rel=\"noopener noreferrer\">Twitter<\/a><\/li>\n<li><a href=\"https:\/\/www.facebook.com\/elcornetin\/\" target=\"_blank\" rel=\"noopener noreferrer\">Facebook<\/a><\/li>\n<li><a href=\"mailto:info@elcornetin.es\" target=\"_blank\" rel=\"noopener noreferrer\">Mail<\/a><\/li>\n<li><span style=\"color: #000000;\">Tambi\u00e9n puedes usar el chat de Facebook del lateral <\/span><\/li>\n<li><span style=\"color: #000000;\">O puedes rellenar este peque\u00f1o formulario:<\/span><\/li>\n<\/ul>\n<p>&nbsp;<\/p>\n\n<div class=\"wpcf7 no-js\" id=\"wpcf7-f11763-o1\" lang=\"es-ES\" dir=\"ltr\" data-wpcf7-id=\"11763\">\n<div class=\"screen-reader-response\"><p role=\"status\" aria-live=\"polite\" aria-atomic=\"true\"><\/p> <ul><\/ul><\/div>\n<form action=\"\/blog\/wp-json\/wp\/v2\/pages\/86#wpcf7-f11763-o1\" method=\"post\" class=\"wpcf7-form init\" aria-label=\"Formulario de contacto\" novalidate=\"novalidate\" data-status=\"init\">\n<div style=\"display: none;\">\n<input type=\"hidden\" name=\"_wpcf7\" value=\"11763\" \/>\n<input type=\"hidden\" name=\"_wpcf7_version\" value=\"6.0.6\" \/>\n<input type=\"hidden\" name=\"_wpcf7_locale\" value=\"es_ES\" \/>\n<input type=\"hidden\" name=\"_wpcf7_unit_tag\" value=\"wpcf7-f11763-o1\" \/>\n<input type=\"hidden\" name=\"_wpcf7_container_post\" value=\"0\" \/>\n<input type=\"hidden\" name=\"_wpcf7_posted_data_hash\" value=\"\" \/>\n<\/div>\n<p><label> Tu nombre (obligatorio)<br \/>\n<span class=\"wpcf7-form-control-wrap\" data-name=\"your-name\"><input size=\"40\" maxlength=\"400\" class=\"wpcf7-form-control wpcf7-text wpcf7-validates-as-required\" aria-required=\"true\" aria-invalid=\"false\" value=\"\" type=\"text\" name=\"your-name\" \/><\/span> <\/label>\n<\/p>\n<p><label> Tu correo electr\u00f3nico (obligatorio)<br \/>\n<span class=\"wpcf7-form-control-wrap\" data-name=\"your-email\"><input size=\"40\" maxlength=\"400\" class=\"wpcf7-form-control wpcf7-email wpcf7-validates-as-required wpcf7-text wpcf7-validates-as-email\" aria-required=\"true\" aria-invalid=\"false\" value=\"\" type=\"email\" name=\"your-email\" \/><\/span> <\/label>\n<\/p>\n<p><label> Asunto<br \/>\n<span class=\"wpcf7-form-control-wrap\" data-name=\"your-subject\"><input size=\"40\" maxlength=\"400\" class=\"wpcf7-form-control wpcf7-text\" aria-invalid=\"false\" value=\"\" type=\"text\" name=\"your-subject\" \/><\/span> <\/label>\n<\/p>\n<p><label> Tu mensaje<br \/>\n<span class=\"wpcf7-form-control-wrap\" data-name=\"your-message\"><textarea cols=\"40\" rows=\"10\" maxlength=\"2000\" class=\"wpcf7-form-control wpcf7-textarea\" aria-invalid=\"false\" name=\"your-message\"><\/textarea><\/span> <\/label>\n<\/p>\n<p><span class=\"wpcf7-form-control-wrap\" data-name=\"Privacidad\"><span class=\"wpcf7-form-control wpcf7-acceptance optional\"><span class=\"wpcf7-list-item\"><label><input type=\"checkbox\" name=\"Privacidad\" value=\"1\" aria-invalid=\"false\" \/><span class=\"wpcf7-list-item-label\">He le\u00eddo y acepto la <a href=\"https:\/\/www.elcornetin.es\/blog\/politica-de-privacidad\/\" target=\"-blank\">pol\u00edtica de privacidad <\/a>de El Cornet\u00edn de Gondor<\/span><\/label><\/span><\/span><\/span>\n<\/p>\n<p><input class=\"wpcf7-form-control wpcf7-submit has-spinner\" type=\"submit\" value=\"Enviar\" \/>\n<\/p><p style=\"display: none !important;\" class=\"akismet-fields-container\" data-prefix=\"_wpcf7_ak_\"><label>&#916;<textarea name=\"_wpcf7_ak_hp_textarea\" cols=\"45\" rows=\"8\" maxlength=\"100\"><\/textarea><\/label><input type=\"hidden\" id=\"ak_js_1\" name=\"_wpcf7_ak_js\" value=\"26\"\/><script>document.getElementById( \"ak_js_1\" ).setAttribute( \"value\", ( new Date() ).getTime() );<\/script><\/p><div class=\"wpcf7-response-output\" aria-hidden=\"true\"><\/div>\n<\/form>\n<\/div>\n\n<ul>\n<li>Con la aceptaci\u00f3n de que se tramiten tus datos nos das consentimiento para que almacenemos tus datos al menos hasta que se tramite tu solicitud o consulta. Los datos se almacenan de forma autom\u00e1tica por WordPress en una base de dato interna, nadie fuera de El Cornet\u00edn tiene acceso a ellos y no se hace ning\u00fan uso m\u00e1s all\u00e1 de poder contactar contigo con los datos que hayas introducido en el formulario.<\/li>\n<li>Puedes acceder\/modificar\/eliminar a tus datos enviando un correo electr\u00f3nico, desde la cuenta de correo indicada en el formulario, a la direcci\u00f3n <a href=\"mailto:info@elcornetin.es\" target=\"_blank\" rel=\"noopener noreferrer\">info@elcornetin.es<\/a>, indicando en el asunto \u00abGRPD &#8211; Mis datos\u00bb, y tu petici\u00f3n se har\u00e1 lo m\u00e1s r\u00e1pidamente posible.<\/li>\n<li>Tienes disponible nuestro \u00ab<a href=\"https:\/\/www.elcornetin.es\/blog\/aviso-legal\/\" target=\"_blank\" rel=\"noopener noreferrer\">Aviso legal<\/a>\u00bb y nuestra \u00ab<a href=\"https:\/\/www.elcornetin.es\/blog\/politica-de-cookies\/\" target=\"_blank\" rel=\"noopener noreferrer\">Pol\u00edtica de cookies<\/a>\u00bb siempre disponible en la barra lateral derecha.<\/li>\n<\/ul>\n<p>&nbsp;<\/p>\n<p>Gracias por contactar con nosotros<\/p>\n\n<div class=\"argpd-informar\">\n\t<p class=\"argpd-informar-title\">Informaci\u00f3n b\u00e1sica sobre protecci\u00f3n de datos <span class=\"argpd-mas\">Ver m\u00e1s<\/span><\/p>\n\t<ul>\n\t\t<li>\n\t\t\t<b>Responsable:<\/b>&nbsp;Miguel Ciordia Gonz\u00e1lez (como persona que consta como propietario del dominio).\n\t\t<\/li>\n\t\t<li><b>Finalidad:<\/b>&nbsp;\n\t\t\t\n\t\t\t\t Responder las consultas. \n\t\t\t\t\n\t\t<\/li>\n\t\t<li><b>Legitimaci\u00f3n:<\/b>&nbsp;\n\t\t\t\n\t\t\t\tPor consentimiento del interesado.<\/li>\n\n\t\t<li><b>Destinatarios y encargados de tratamiento:<\/b>&nbsp;\n\n\t\t\t\tNo se ceden o comunican datos a terceros para prestar este servicio.\n\t\t\t\t\tEl Titular ha contratado los servicios de alojamiento web a El Cornet\u00edn de Gondor que act\u00faa como encargado de tratamiento.\n\t\t<\/li>\n\t\t<li>\n\t\t\t<b>Derechos:<\/b>&nbsp;Acceder, rectificar y suprimir los datos.\n\t\t<\/li>\n\t\t<li>\n\t\t\t<b>Informaci\u00f3n Adicional:<\/b>&nbsp;Puede consultar la informaci\u00f3n detallada en la <a target=\"_noblank\" href=\"https:\/\/www.elcornetin.es\/blog\/politica-de-privacidad\/\">Pol\u00edtica de Privacidad<\/a>.<\/li>\n\t<\/ul>\n<\/div>\n\n","protected":false},"excerpt":{"rendered":"<p>Puedes contactar con nosotros de muchas maneras mientras te tomas un refresco de naranja: Twitter Facebook Mail Tambi\u00e9n puedes usar el chat de&#8230;<\/p>\n","protected":false},"author":1,"featured_media":0,"parent":0,"menu_order":3,"comment_status":"closed","ping_status":"closed","template":"","meta":{"rating_form_position":"","rating_results_position":"","mr_structured_data_type":"","footnotes":""},"class_list":["post-86","page","type-page","status-publish","hentry"],"aioseo_notices":[],"multi-rating":{"mr_rating_results":[]},"_links":{"self":[{"href":"https:\/\/www.elcornetin.es\/blog\/wp-json\/wp\/v2\/pages\/86","targetHints":{"allow":["GET"]}}],"collection":[{"href":"https:\/\/www.elcornetin.es\/blog\/wp-json\/wp\/v2\/pages"}],"about":[{"href":"https:\/\/www.elcornetin.es\/blog\/wp-json\/wp\/v2\/types\/page"}],"author":[{"embeddable":true,"href":"https:\/\/www.elcornetin.es\/blog\/wp-json\/wp\/v2\/users\/1"}],"replies":[{"embeddable":true,"href":"https:\/\/www.elcornetin.es\/blog\/wp-json\/wp\/v2\/comments?post=86"}],"version-history":[{"count":15,"href":"https:\/\/www.elcornetin.es\/blog\/wp-json\/wp\/v2\/pages\/86\/revisions"}],"predecessor-version":[{"id":16351,"href":"https:\/\/www.elcornetin.es\/blog\/wp-json\/wp\/v2\/pages\/86\/revisions\/16351"}],"wp:attachment":[{"href":"https:\/\/www.elcornetin.es\/blog\/wp-json\/wp\/v2\/media?parent=86"}],"curies":[{"name":"wp","href":"https:\/\/api.w.org\/{rel}","templated":true}]}}